{"id":1148,"date":"2026-03-16T13:07:17","date_gmt":"2026-03-16T13:07:17","guid":{"rendered":"https:\/\/neuronix.brook.agency\/legal\/politica-de-galetes\/"},"modified":"2026-04-06T21:50:14","modified_gmt":"2026-04-06T21:50:14","slug":"politica-de-galetes","status":"publish","type":"page","link":"https:\/\/neuronix.brook.agency\/ca\/legal\/politica-de-galetes\/","title":{"rendered":"Pol\u00edtica de galetes"},"content":{"rendered":"\t\t<div data-elementor-type=\"wp-page\" data-elementor-id=\"1148\" class=\"elementor elementor-1148 elementor-20\" data-elementor-post-type=\"page\">\n\t\t\t\t<div class=\"elementor-element elementor-element-d993676 e-flex e-con-boxed e-con e-parent\" data-id=\"d993676\" data-element_type=\"container\" data-e-type=\"container\">\n\t\t\t\t\t<div class=\"e-con-inner\">\n\t\t\t\t<div class=\"elementor-element elementor-element-48760f9 elementor-widget elementor-widget-text-editor\" data-id=\"48760f9\" data-element_type=\"widget\" data-e-type=\"widget\" data-widget_type=\"text-editor.default\">\n\t\t\t\t\t\t\t\t\t<p>Las <em>cookies<\/em> son peque\u00f1os ficheros de datos que se alojan en el ordenador del usuario y que contienen cierta informaci\u00f3n de la visita que el usuario hace al sitio web. La <em>cookie<\/em> es descargada por el dispositivo que usa para acceder al sitio web y almacenada en el disco duro de dicho dispositivo. Las <em>cookies<\/em> tienen diversas utilidades, entre ellas permitir que el sitio web reconozca su dispositivo cuando vuelva a visitarnos, asegurar que recibe el contenido correcto o guardar informaci\u00f3n con preferencias o servicios que el usuario nos haya proporcionado. Las cookies no da\u00f1an el dispositivo del usuario.   <\/p><p>En la present pol\u00edtica de <em>cookies<\/em> utilitzem la paraula <em>cookie<\/em> per referir-nos a tots els arxius que emmagatzemen informaci\u00f3 d&#8217;aquesta manera.<\/p><h3 class=\"wp-block-heading\">2. UTILITZEM COOKIES?<\/h3><p>El nostre lloc web utilitza cookies amb la finalitat de recollir dades amb les quals supervisar l&#8217;\u00fas i la utilitat del nostre lloc web i obtenir dades estad\u00edstiques i de seguretat. Les eines utilitzades per obtenir estad\u00edstiques d&#8217;\u00fas del lloc web ofereixen la possibilitat d&#8217;obtenir un nivell de detall cada vegada m\u00e9s alt sobre el comportament dels visitants i usuaris del lloc web. Aquestes dades es poden recollir, tractar i conservar associades a una adre\u00e7a IP o a un usuari determinat o b\u00e9 ser sotmeses a un proc\u00e9s de dissociaci\u00f3 amb la finalitat d&#8217;obtenir conclusions basades en dades an\u00f2nimes.  <\/p><h3 class=\"wp-block-heading\">3. QUIN TIPUS DE COOKIES UTILITZEM?<\/h3><p>Les <em>cookies<\/em> es poden diferenciar tenint en compte les diferents funcions per a les quals s&#8217;emprin, la seva durada o qui les gestiona. \u00c9s important tenir en compte que una mateixa cookie pot pert\u00e0nyer a diverses categories. A continuaci\u00f3, l&#8217;usuari trobar\u00e0 una descripci\u00f3 de les cookies emprades en el present lloc web:  <\/p><h3 class=\"wp-block-heading\"><strong><em>Cookies t\u00e8cniques<\/em><\/strong><\/h3><p>S\u00f3n <em>cookies<\/em> t\u00e8cniques aquelles que permeten a l&#8217;usuari la navegaci\u00f3 a trav\u00e9s del lloc web i la utilitzaci\u00f3 de les diferents opcions o serveis que aquest ofereix. El nostre lloc web empra <em>cookies<\/em> t\u00e8cniques, algunes de les quals s\u00f3n essencials per al funcionament del lloc web, com ara les <em>cookies<\/em> que ens permeten identificar els usuaris de manera que puguin entrar al seu acc\u00e9s privat o mantenir la sessi\u00f3 amb el servidor. Si l&#8217;usuari decideix no habilitar aquestes <em>cookies<\/em>, pot ser que la navegaci\u00f3 pel lloc web no sigui possible o resulti molt menys satisfact\u00f2ria.  <\/p><h3 class=\"wp-block-heading\"><strong><em>Cookies d&#8217;an\u00e0lisi<\/em><\/strong><\/h3><p>Les <em>cookies<\/em> d&#8217;an\u00e0lisi permeten obtenir informaci\u00f3 gen\u00e8rica sobre els accessos dels usuaris al lloc web amb la finalitat de proporcionar informaci\u00f3 agregada dels mateixos amb finalitats estad\u00edstiques. Aquest tipus de <em>cookies<\/em> s&#8217;empren per analitzar com naveguen els usuaris pel lloc web i monitoritzar el rendiment del mateix. Addicionalment, les eines utilitzades per obtenir estad\u00edstiques d&#8217;\u00fas del lloc web ofereixen la possibilitat d&#8217;obtenir un nivell de detall cada vegada m\u00e9s alt sobre el comportament dels visitants i usuaris del lloc web. Aquestes dades es poden recollir, tractar i conservar associades a una adre\u00e7a IP o a un usuari determinat o b\u00e9 ser sotmeses a un proc\u00e9s de dissociaci\u00f3 amb la finalitat d&#8217;obtenir conclusions basades en dades an\u00f2nimes.   <\/p><p>La informaci\u00f3 recollida a trav\u00e9s de cookies pot incloure, entre altres dades, l&#8217;adre\u00e7a IP que identifica l&#8217;ordinador en aquell moment, la data i hora de l&#8217;acc\u00e9s i les \u00e0rees del lloc web que es visiten. La finalitat d&#8217;aquesta recollida de dades \u00e9s supervisar l&#8217;\u00fas i la utilitat del nostre lloc web, amb finalitats estad\u00edstiques i de seguretat <\/p><h3 class=\"wp-block-heading\"><strong><em>Cookies pr\u00f2pies<\/em><\/strong><\/h3><p>S\u00f3n les <em>cookies<\/em> enviades al seu terminal des d&#8217;un equip o domini gestionat per NEURONIX i des del qual es presta el servei sol\u00b7licitat.<\/p><p><strong><em>Cookies de personalitzaci\u00f3<\/em><\/strong><\/p><p>Utilitzem cookies de funcionalitat per recordar les vostres prefer\u00e8ncies. Per exemple, recordem canvis que h\u00e0giu fet en les prefer\u00e8ncies del vostre compte. <\/p><p>Les cookies tamb\u00e9 poden ser utilitzades per recordar la configuraci\u00f3 i les prefer\u00e8ncies de l&#8217;usuari pel que fa al disseny, els colors i les zones o men\u00fas que desitja tenir m\u00e9s accessibles a la pantalla d&#8217;inici.<\/p><h3 class=\"wp-block-heading\">4. COM DESHABILITAR I BLOQUEJAR COOKIES?<\/h3><p>Us informem que, en qualsevol cas, podeu deshabilitar o bloquejar les cookies activant la configuraci\u00f3 del vostre navegador, permetent-vos rebutjar la instal\u00b7laci\u00f3 de totes o alguna de les cookies. Si rebutgeu les cookies, podreu continuar fent \u00fas del nostre web, encara que l&#8217;\u00fas d&#8217;alguns dels serveis pot ser limitat i com a conseq\u00fc\u00e8ncia, la vostra experi\u00e8ncia al nostre lloc web menys satisfact\u00f2ria. <\/p><p>Si desitgeu retirar el vostre consentiment relacionat amb la present Pol\u00edtica de Cookies, haureu d&#8217;eliminar les cookies emmagatzemades al vostre equip a trav\u00e9s dels ajustos i configuracions del vostre navegador d&#8217;internet.<\/p><p>Podeu permetre, bloquejar o eliminar les cookies instal\u00b7lades al vostre equip mitjan\u00e7ant la configuraci\u00f3 de les opcions del navegador instal\u00b7lat al vostre ordinador. Per a m\u00e9s informaci\u00f3 sobre com ajustar les vostres configuracions de cookies en els seg\u00fcents navegadors, us remetem a l&#8217;enlla\u00e7 pertinent: <\/p><p><strong>Internet Explorer<\/strong><\/p><ul class=\"wp-block-list\"><li><a href=\"https:\/\/support.microsoft.com\/es-es\/help\/17442\/windows-internet-explorer-delete-manage-cookies\">https:\/\/support.microsoft.com\/es-es\/help\/17442\/windows-internet-explorer-delete-manage-cookies<\/a><\/li><\/ul><p><strong>Firefox<\/strong><\/p><ul class=\"wp-block-list\"><li><a href=\"https:\/\/support.mozilla.org\/es\/kb\/habilitar-y-deshabilitar-cookies-sitios-web-rastrear-preferencias?redirectlocale=es&amp;redirectslug=habilitar-y-deshabilitar-cookies-que-los-sitios-we\">https:\/\/support.mozilla.org\/es\/kb\/habilitar-y-deshabilitar-cookies-sitios-web-rastrear-preferencias?redirectlocale=es&amp;redirectslug=habilitar-y-deshabilitar-cookies-que-los-sitios-we<\/a><\/li><\/ul><p><strong>Chrome<\/strong><\/p><ul class=\"wp-block-list\"><li><a href=\"http:\/\/support.google.com\/chrome\/bin\/answer.py?hl=en&amp;answer=95647\">http:\/\/support.google.com\/chrome\/bin\/answer.py?hl=en&amp;answer=95647<\/a><\/li><\/ul><p><strong>Safari<\/strong><\/p><ul class=\"wp-block-list\"><li><a href=\"https:\/\/support.apple.com\/kb\/PH19214?viewlocale=es_ES&amp;locale=es_ES\">https:\/\/support.apple.com\/kb\/PH19214?viewlocale=es_ES&amp;locale=es_ES<\/a><\/li><\/ul><p><strong>Opera<\/strong><\/p><ul class=\"wp-block-list\"><li><a href=\"http:\/\/help.opera.com\/Windows\/11.50\/es-ES\/cookies.html\">http:\/\/help.opera.com\/Windows\/11.50\/es-ES\/cookies.html<\/a><\/li><\/ul><h3 class=\"wp-block-heading\">5. CANVIS EN LA POL\u00cdTICA DE COOKIES<\/h3><p>\u00c9s possible que la present Pol\u00edtica de Cookies estigui subjecta a canvis o modificacions, per aix\u00f2 us recomanem revisar aquesta pol\u00edtica cada vegada que accediu al nostre lloc web, amb l&#8217;objectiu d&#8217;estar adequadament informats sobre com i per a qu\u00e8 utilitzem les cookies.<\/p><h3 class=\"wp-block-heading\">6. CONTACTE<\/h3><p>Si tingu\u00e9ssiu algun dubte, comentari o suggeriment sobre la Pol\u00edtica de Cookies, si us plau escriviu a <a href=\"mailto:protecciondedatos@neuronix.es\">protecciondedatos@<\/a>neuronix.es<\/p>\t\t\t\t\t\t\t\t<\/div>\n\t\t\t\t\t<\/div>\n\t\t\t\t<\/div>\n\t\t\t\t<\/div>\n\t\t","protected":false},"excerpt":{"rendered":"<p>Las cookies son peque\u00f1os ficheros de datos que se alojan en el ordenador del usuario y que contienen cierta informaci\u00f3n de la visita que el usuario hace al sitio web. La cookie es descargada por el dispositivo que usa para acceder al sitio web y almacenada en el disco duro de dicho dispositivo. Las cookies [&hellip;]<\/p>\n","protected":false},"author":1,"featured_media":0,"parent":1122,"menu_order":0,"comment_status":"closed","ping_status":"closed","template":"","meta":{"footnotes":""},"class_list":["post-1148","page","type-page","status-publish","hentry"],"yoast_head":"<!-- This site is optimized with the Yoast SEO plugin v27.4 - https:\/\/yoast.com\/product\/yoast-seo-wordpress\/ -->\n<title>Pol\u00edtica de galetes - Develop Neuronix<\/title>\n<meta name=\"robots\" content=\"index, follow, max-snippet:-1, max-image-preview:large, max-video-preview:-1\" \/>\n<link rel=\"canonical\" href=\"https:\/\/neuronix.brook.agency\/ca\/legal\/politica-de-galetes\/\" \/>\n<meta property=\"og:locale\" content=\"ca_ES\" \/>\n<meta property=\"og:type\" content=\"article\" \/>\n<meta property=\"og:title\" content=\"Pol\u00edtica de galetes - Develop Neuronix\" \/>\n<meta property=\"og:description\" content=\"Las cookies son peque\u00f1os ficheros de datos que se alojan en el ordenador del usuario y que contienen cierta informaci\u00f3n de la visita que el usuario hace al sitio web. La cookie es descargada por el dispositivo que usa para acceder al sitio web y almacenada en el disco duro de dicho dispositivo. Las cookies [&hellip;]\" \/>\n<meta property=\"og:url\" content=\"https:\/\/neuronix.brook.agency\/ca\/legal\/politica-de-galetes\/\" \/>\n<meta property=\"og:site_name\" content=\"Develop Neuronix\" \/>\n<meta property=\"article:modified_time\" content=\"2026-04-06T21:50:14+00:00\" \/>\n<meta name=\"twitter:card\" content=\"summary_large_image\" \/>\n<meta name=\"twitter:label1\" content=\"Temps estimat de lectura\" \/>\n\t<meta name=\"twitter:data1\" content=\"5 minuts\" \/>\n<script type=\"application\/ld+json\" class=\"yoast-schema-graph\">{\"@context\":\"https:\\\/\\\/schema.org\",\"@graph\":[{\"@type\":\"WebPage\",\"@id\":\"https:\\\/\\\/neuronix.brook.agency\\\/ca\\\/legal\\\/politica-de-galetes\\\/\",\"url\":\"https:\\\/\\\/neuronix.brook.agency\\\/ca\\\/legal\\\/politica-de-galetes\\\/\",\"name\":\"Pol\u00edtica de galetes - Develop Neuronix\",\"isPartOf\":{\"@id\":\"https:\\\/\\\/neuronix.brook.agency\\\/ca\\\/#website\"},\"datePublished\":\"2026-03-16T13:07:17+00:00\",\"dateModified\":\"2026-04-06T21:50:14+00:00\",\"breadcrumb\":{\"@id\":\"https:\\\/\\\/neuronix.brook.agency\\\/ca\\\/legal\\\/politica-de-galetes\\\/#breadcrumb\"},\"inLanguage\":\"ca\",\"potentialAction\":[{\"@type\":\"ReadAction\",\"target\":[\"https:\\\/\\\/neuronix.brook.agency\\\/ca\\\/legal\\\/politica-de-galetes\\\/\"]}]},{\"@type\":\"BreadcrumbList\",\"@id\":\"https:\\\/\\\/neuronix.brook.agency\\\/ca\\\/legal\\\/politica-de-galetes\\\/#breadcrumb\",\"itemListElement\":[{\"@type\":\"ListItem\",\"position\":1,\"name\":\"Portada\",\"item\":\"https:\\\/\\\/neuronix.brook.agency\\\/ca\\\/\"},{\"@type\":\"ListItem\",\"position\":2,\"name\":\"Legal\",\"item\":\"https:\\\/\\\/neuronix.brook.agency\\\/ca\\\/legal\\\/\"},{\"@type\":\"ListItem\",\"position\":3,\"name\":\"Pol\u00edtica de galetes\"}]},{\"@type\":\"WebSite\",\"@id\":\"https:\\\/\\\/neuronix.brook.agency\\\/ca\\\/#website\",\"url\":\"https:\\\/\\\/neuronix.brook.agency\\\/ca\\\/\",\"name\":\"Neuronix\",\"description\":\"\",\"publisher\":{\"@id\":\"https:\\\/\\\/neuronix.brook.agency\\\/ca\\\/#organization\"},\"potentialAction\":[{\"@type\":\"SearchAction\",\"target\":{\"@type\":\"EntryPoint\",\"urlTemplate\":\"https:\\\/\\\/neuronix.brook.agency\\\/ca\\\/?s={search_term_string}\"},\"query-input\":{\"@type\":\"PropertyValueSpecification\",\"valueRequired\":true,\"valueName\":\"search_term_string\"}}],\"inLanguage\":\"ca\"},{\"@type\":\"Organization\",\"@id\":\"https:\\\/\\\/neuronix.brook.agency\\\/ca\\\/#organization\",\"name\":\"Neuronix\",\"url\":\"https:\\\/\\\/neuronix.brook.agency\\\/ca\\\/\",\"logo\":{\"@type\":\"ImageObject\",\"inLanguage\":\"ca\",\"@id\":\"https:\\\/\\\/neuronix.brook.agency\\\/ca\\\/#\\\/schema\\\/logo\\\/image\\\/\",\"url\":\"https:\\\/\\\/neuronix.brook.agency\\\/wp-content\\\/uploads\\\/2026\\\/03\\\/Neuronix-21-e1732631492865-300x107-1.png\",\"contentUrl\":\"https:\\\/\\\/neuronix.brook.agency\\\/wp-content\\\/uploads\\\/2026\\\/03\\\/Neuronix-21-e1732631492865-300x107-1.png\",\"width\":300,\"height\":107,\"caption\":\"Neuronix\"},\"image\":{\"@id\":\"https:\\\/\\\/neuronix.brook.agency\\\/ca\\\/#\\\/schema\\\/logo\\\/image\\\/\"}}]}<\/script>\n<!-- \/ Yoast SEO plugin. -->","yoast_head_json":{"title":"Pol\u00edtica de galetes - Develop Neuronix","robots":{"index":"index","follow":"follow","max-snippet":"max-snippet:-1","max-image-preview":"max-image-preview:large","max-video-preview":"max-video-preview:-1"},"canonical":"https:\/\/neuronix.brook.agency\/ca\/legal\/politica-de-galetes\/","og_locale":"ca_ES","og_type":"article","og_title":"Pol\u00edtica de galetes - Develop Neuronix","og_description":"Las cookies son peque\u00f1os ficheros de datos que se alojan en el ordenador del usuario y que contienen cierta informaci\u00f3n de la visita que el usuario hace al sitio web. La cookie es descargada por el dispositivo que usa para acceder al sitio web y almacenada en el disco duro de dicho dispositivo. Las cookies [&hellip;]","og_url":"https:\/\/neuronix.brook.agency\/ca\/legal\/politica-de-galetes\/","og_site_name":"Develop Neuronix","article_modified_time":"2026-04-06T21:50:14+00:00","twitter_card":"summary_large_image","twitter_misc":{"Temps estimat de lectura":"5 minuts"},"schema":{"@context":"https:\/\/schema.org","@graph":[{"@type":"WebPage","@id":"https:\/\/neuronix.brook.agency\/ca\/legal\/politica-de-galetes\/","url":"https:\/\/neuronix.brook.agency\/ca\/legal\/politica-de-galetes\/","name":"Pol\u00edtica de galetes - Develop Neuronix","isPartOf":{"@id":"https:\/\/neuronix.brook.agency\/ca\/#website"},"datePublished":"2026-03-16T13:07:17+00:00","dateModified":"2026-04-06T21:50:14+00:00","breadcrumb":{"@id":"https:\/\/neuronix.brook.agency\/ca\/legal\/politica-de-galetes\/#breadcrumb"},"inLanguage":"ca","potentialAction":[{"@type":"ReadAction","target":["https:\/\/neuronix.brook.agency\/ca\/legal\/politica-de-galetes\/"]}]},{"@type":"BreadcrumbList","@id":"https:\/\/neuronix.brook.agency\/ca\/legal\/politica-de-galetes\/#breadcrumb","itemListElement":[{"@type":"ListItem","position":1,"name":"Portada","item":"https:\/\/neuronix.brook.agency\/ca\/"},{"@type":"ListItem","position":2,"name":"Legal","item":"https:\/\/neuronix.brook.agency\/ca\/legal\/"},{"@type":"ListItem","position":3,"name":"Pol\u00edtica de galetes"}]},{"@type":"WebSite","@id":"https:\/\/neuronix.brook.agency\/ca\/#website","url":"https:\/\/neuronix.brook.agency\/ca\/","name":"Neuronix","description":"","publisher":{"@id":"https:\/\/neuronix.brook.agency\/ca\/#organization"},"potentialAction":[{"@type":"SearchAction","target":{"@type":"EntryPoint","urlTemplate":"https:\/\/neuronix.brook.agency\/ca\/?s={search_term_string}"},"query-input":{"@type":"PropertyValueSpecification","valueRequired":true,"valueName":"search_term_string"}}],"inLanguage":"ca"},{"@type":"Organization","@id":"https:\/\/neuronix.brook.agency\/ca\/#organization","name":"Neuronix","url":"https:\/\/neuronix.brook.agency\/ca\/","logo":{"@type":"ImageObject","inLanguage":"ca","@id":"https:\/\/neuronix.brook.agency\/ca\/#\/schema\/logo\/image\/","url":"https:\/\/neuronix.brook.agency\/wp-content\/uploads\/2026\/03\/Neuronix-21-e1732631492865-300x107-1.png","contentUrl":"https:\/\/neuronix.brook.agency\/wp-content\/uploads\/2026\/03\/Neuronix-21-e1732631492865-300x107-1.png","width":300,"height":107,"caption":"Neuronix"},"image":{"@id":"https:\/\/neuronix.brook.agency\/ca\/#\/schema\/logo\/image\/"}}]}},"_links":{"self":[{"href":"https:\/\/neuronix.brook.agency\/ca\/wp-json\/wp\/v2\/pages\/1148","targetHints":{"allow":["GET"]}}],"collection":[{"href":"https:\/\/neuronix.brook.agency\/ca\/wp-json\/wp\/v2\/pages"}],"about":[{"href":"https:\/\/neuronix.brook.agency\/ca\/wp-json\/wp\/v2\/types\/page"}],"author":[{"embeddable":true,"href":"https:\/\/neuronix.brook.agency\/ca\/wp-json\/wp\/v2\/users\/1"}],"replies":[{"embeddable":true,"href":"https:\/\/neuronix.brook.agency\/ca\/wp-json\/wp\/v2\/comments?post=1148"}],"version-history":[{"count":2,"href":"https:\/\/neuronix.brook.agency\/ca\/wp-json\/wp\/v2\/pages\/1148\/revisions"}],"predecessor-version":[{"id":1170,"href":"https:\/\/neuronix.brook.agency\/ca\/wp-json\/wp\/v2\/pages\/1148\/revisions\/1170"}],"up":[{"embeddable":true,"href":"https:\/\/neuronix.brook.agency\/ca\/wp-json\/wp\/v2\/pages\/1122"}],"wp:attachment":[{"href":"https:\/\/neuronix.brook.agency\/ca\/wp-json\/wp\/v2\/media?parent=1148"}],"curies":[{"name":"wp","href":"https:\/\/api.w.org\/{rel}","templated":true}]}}